{"id":8,"date":"2025-11-22T06:39:45","date_gmt":"2025-11-22T06:39:45","guid":{"rendered":"https:\/\/33consultingeduca.com\/?page_id=8"},"modified":"2025-12-28T07:58:16","modified_gmt":"2025-12-28T07:58:16","slug":"33-consulting-educa","status":"publish","type":"page","link":"https:\/\/33consultingeduca.com\/index.php\/33-consulting-educa\/","title":{"rendered":"33 Consulting Educa!!!"},"content":{"rendered":"\n<div class=\"wp-block-group alignfull is-style-section-2 has-global-padding is-layout-constrained wp-block-group-is-layout-constrained is-style-section-2--1\" style=\"margin-top:0;margin-bottom:0;padding-top:var(--wp--preset--spacing--60);padding-bottom:var(--wp--preset--spacing--60)\">\n<div class=\"wp-block-columns alignwide is-layout-flex wp-container-core-columns-is-layout-643ced6b wp-block-columns-is-layout-flex\">\n<div class=\"wp-block-column is-style-section-2 is-layout-flow wp-block-column-is-layout-flow is-style-section-2--2\" style=\"flex-basis:40%\">\n<figure class=\"wp-block-image size-full\"><img fetchpriority=\"high\" decoding=\"async\" width=\"1024\" height=\"1024\" src=\"https:\/\/33consultingeduca.com\/wp-content\/uploads\/2025\/12\/Carmen-traje-rosado.png\" alt=\"\" class=\"wp-image-38\" srcset=\"https:\/\/33consultingeduca.com\/wp-content\/uploads\/2025\/12\/Carmen-traje-rosado.png 1024w, https:\/\/33consultingeduca.com\/wp-content\/uploads\/2025\/12\/Carmen-traje-rosado-300x300.png 300w, https:\/\/33consultingeduca.com\/wp-content\/uploads\/2025\/12\/Carmen-traje-rosado-150x150.png 150w, https:\/\/33consultingeduca.com\/wp-content\/uploads\/2025\/12\/Carmen-traje-rosado-768x768.png 768w\" sizes=\"(max-width: 1024px) 100vw, 1024px\" \/><\/figure>\n<\/div>\n\n\n\n<div class=\"wp-block-column is-vertically-aligned-center is-layout-flow wp-container-core-column-is-layout-119bc444 wp-block-column-is-layout-flow\" style=\"flex-basis:60%\">\n<div class=\"wp-block-columns is-style-section-1 is-layout-flex wp-container-core-columns-is-layout-28f84493 wp-block-columns-is-layout-flex is-style-section-1--3\">\n<div class=\"wp-block-column is-style-section-1 is-layout-flow wp-block-column-is-layout-flow is-style-section-1--4\" style=\"flex-basis:100%\">\n<div class=\"wp-block-columns is-layout-flex wp-container-core-columns-is-layout-28f84493 wp-block-columns-is-layout-flex\">\n<div class=\"wp-block-column is-layout-flow wp-block-column-is-layout-flow\" style=\"flex-basis:100%\">\n<blockquote class=\"wp-block-quote is-layout-flow wp-block-quote-is-layout-flow\">\n<div class=\"wp-block-columns is-layout-flex wp-container-core-columns-is-layout-28f84493 wp-block-columns-is-layout-flex\">\n<div class=\"wp-block-column is-layout-flow wp-block-column-is-layout-flow\" style=\"flex-basis:100%\">\n<figure class=\"wp-block-gallery has-nested-images columns-default is-cropped wp-block-gallery-5 is-layout-flex wp-block-gallery-is-layout-flex\">\n<figure class=\"wp-block-image size-large\"><img decoding=\"async\" width=\"1024\" height=\"307\" data-id=\"54\" src=\"https:\/\/33consultingeduca.com\/wp-content\/uploads\/2025\/12\/Black-Gray-Minimalist-Profile-LinkedIn-Banner-1024x307.png\" alt=\"\" class=\"wp-image-54\" srcset=\"https:\/\/33consultingeduca.com\/wp-content\/uploads\/2025\/12\/Black-Gray-Minimalist-Profile-LinkedIn-Banner-1024x307.png 1024w, https:\/\/33consultingeduca.com\/wp-content\/uploads\/2025\/12\/Black-Gray-Minimalist-Profile-LinkedIn-Banner-300x90.png 300w, https:\/\/33consultingeduca.com\/wp-content\/uploads\/2025\/12\/Black-Gray-Minimalist-Profile-LinkedIn-Banner-768x230.png 768w, https:\/\/33consultingeduca.com\/wp-content\/uploads\/2025\/12\/Black-Gray-Minimalist-Profile-LinkedIn-Banner-1536x461.png 1536w, https:\/\/33consultingeduca.com\/wp-content\/uploads\/2025\/12\/Black-Gray-Minimalist-Profile-LinkedIn-Banner.png 2000w\" sizes=\"(max-width: 1024px) 100vw, 1024px\" \/><\/figure>\n<\/figure>\n<\/div>\n<\/div>\n<\/blockquote>\n<\/div>\n<\/div>\n<\/div>\n<\/div>\n\n\n\n<p>En esta pagina estare compartiendo informacion de alto valor para personas que interesar crecer y transformar sus vidas, removiendo heridas del alma.<\/p>\n\n\n\n<div class=\"wp-block-group is-vertical is-layout-flex wp-container-core-group-is-layout-41e20069 wp-block-group-is-layout-flex\">\n<h3 class=\"wp-block-heading has-small-font-size\" style=\"font-style:normal;font-weight:600;letter-spacing:1px;text-transform:uppercase\">Subscribe on your favorite platform<\/h3>\n\n\n\n<div class=\"wp-block-group is-layout-flex wp-block-group-is-layout-flex\">\n<p class=\"is-style-text-annotation is-style-text-annotation--6\"><a href=\"#\">YouTube<\/a><\/p>\n\n\n\n<p class=\"is-style-text-annotation is-style-text-annotation--7\"><a href=\"#\">Apple Podcasts<\/a><\/p>\n\n\n\n<p class=\"is-style-text-annotation is-style-text-annotation--8\"><a href=\"#\">Spotify<\/a><\/p>\n\n\n\n<p class=\"is-style-text-annotation is-style-text-annotation--9\"><a href=\"#\">Pocket Casts<\/a><\/p>\n\n\n\n<p class=\"is-style-text-annotation is-style-text-annotation--10\"><a href=\"#\">RSS<\/a><\/p>\n<\/div>\n<\/div>\n<\/div>\n<\/div>\n<\/div>\n\n\n\n<div class=\"wp-block-group alignfull is-style-section-5 has-global-padding is-layout-constrained wp-block-group-is-layout-constrained is-style-section-5--11\" style=\"margin-top:0;margin-bottom:0;padding-top:var(--wp--preset--spacing--50);padding-bottom:var(--wp--preset--spacing--50)\">\n<div class=\"wp-block-columns alignwide is-layout-flex wp-container-core-columns-is-layout-7ee84d44 wp-block-columns-is-layout-flex\">\n<div class=\"wp-block-column is-vertically-aligned-center is-layout-flow wp-block-column-is-layout-flow\" style=\"flex-basis:50%\">\n<h2 class=\"wp-block-heading\">Carmen-Bio<\/h2>\n\n\n\n<p class=\"has-medium-font-size\">Bienvenidos a un espacio de transformaci\u00f3n, prop\u00f3sito y claridad.<br>Soy Carmen V\u00e1zquez, Coach Cristiana, Capellana ordenada y consultora especializada en liderazgo con prop\u00f3sito. Acompa\u00f1o a personas y organizaciones en procesos de cambio profundo, integrando sabidur\u00eda espiritual, estrategia pr\u00e1ctica y creatividad digital.<br>Desde conferencias hasta sesiones personalizadas, fusiono m\u00e1s de 20 a\u00f1os de experiencia en liderazgo con herramientas que reflejan identidad, visi\u00f3n y renovaci\u00f3n. <br><\/p>\n\n\n\n<p><\/p>\n<\/div>\n\n\n\n<div class=\"wp-block-column is-vertically-aligned-center is-layout-flow wp-block-column-is-layout-flow\" style=\"flex-basis:50%\">\n<figure class=\"wp-block-image size-full\"><img decoding=\"async\" width=\"1024\" height=\"1536\" src=\"https:\/\/33consultingeduca.com\/wp-content\/uploads\/2025\/12\/3.9.png\" alt=\"\" class=\"wp-image-40\" style=\"aspect-ratio:1;object-fit:cover\" srcset=\"https:\/\/33consultingeduca.com\/wp-content\/uploads\/2025\/12\/3.9.png 1024w, https:\/\/33consultingeduca.com\/wp-content\/uploads\/2025\/12\/3.9-200x300.png 200w, https:\/\/33consultingeduca.com\/wp-content\/uploads\/2025\/12\/3.9-683x1024.png 683w, https:\/\/33consultingeduca.com\/wp-content\/uploads\/2025\/12\/3.9-768x1152.png 768w\" sizes=\"(max-width: 1024px) 100vw, 1024px\" \/><\/figure>\n<\/div>\n<\/div>\n<\/div>\n\n\n\n<div class=\"wp-block-group alignfull is-style-section-1 has-global-padding is-layout-constrained wp-block-group-is-layout-constrained is-style-section-1--12\" style=\"margin-top:0;margin-bottom:0;padding-top:var(--wp--preset--spacing--80);padding-bottom:var(--wp--preset--spacing--80)\">\n<h2 class=\"wp-block-heading has-text-align-center\">The Stories Podcast is sponsored by<\/h2>\n\n\n\n<div style=\"height:var(--wp--preset--spacing--30)\" aria-hidden=\"true\" class=\"wp-block-spacer\"><\/div>\n\n\n\n<div class=\"wp-block-group alignwide is-content-justification-center is-layout-flex wp-container-core-group-is-layout-2c471116 wp-block-group-is-layout-flex\">\n<figure class=\"wp-block-gallery has-nested-images columns-default is-cropped wp-block-gallery-13 is-layout-flex wp-block-gallery-is-layout-flex\">\n<figure class=\"wp-block-image size-large\"><img loading=\"lazy\" decoding=\"async\" width=\"683\" height=\"1024\" data-id=\"51\" src=\"https:\/\/33consultingeduca.com\/wp-content\/uploads\/2025\/12\/3.14-1-683x1024.png\" alt=\"\" class=\"wp-image-51\" srcset=\"https:\/\/33consultingeduca.com\/wp-content\/uploads\/2025\/12\/3.14-1-683x1024.png 683w, https:\/\/33consultingeduca.com\/wp-content\/uploads\/2025\/12\/3.14-1-200x300.png 200w, https:\/\/33consultingeduca.com\/wp-content\/uploads\/2025\/12\/3.14-1-768x1152.png 768w, https:\/\/33consultingeduca.com\/wp-content\/uploads\/2025\/12\/3.14-1.png 1024w\" sizes=\"(max-width: 683px) 100vw, 683px\" \/><\/figure>\n<\/figure>\n\n\n<\/div>\n<\/div>\n\n\n\n<div class=\"wp-block-group alignfull has-global-padding is-layout-constrained wp-container-core-group-is-layout-ebee8dc1 wp-block-group-is-layout-constrained\" style=\"margin-top:0;margin-bottom:0;padding-top:var(--wp--preset--spacing--50);padding-bottom:var(--wp--preset--spacing--50)\">\n<div class=\"wp-block-group alignwide is-content-justification-space-between is-layout-flex wp-container-core-group-is-layout-9366075c wp-block-group-is-layout-flex\">\n<h2 class=\"wp-block-heading alignwide has-text-align-left is-style-text-subtitle has-x-large-font-size is-style-text-subtitle--14\">Piedras Preciosas<\/h2>\n\n\n\n<p class=\"is-style-text-annotation is-style-text-annotation--15\">Podcast<\/p>\n<\/div>\n\n\n\n<div class=\"wp-block-group alignwide is-layout-grid wp-container-core-group-is-layout-1ce758a5 wp-block-group-is-layout-grid\">\n<figure class=\"wp-block-video\"><video src=\"https:\/\/33consultingeduca.com\/wp-content\/uploads\/2025\/12\/33.0.0-1.jpg\"><\/video><figcaption class=\"wp-element-caption\">Screenshot<\/figcaption><\/figure>\n\n\n\n<figure class=\"wp-block-video\"><\/figure>\n\n\n\n<figure class=\"wp-block-video\"><\/figure>\n<\/div>\n<\/div>\n\n\n\n<aside class=\"wp-block-group alignfull is-style-section-3 has-global-padding is-layout-constrained wp-container-core-group-is-layout-f0f2a97b wp-block-group-is-layout-constrained is-style-section-3--16\" style=\"margin-top:0;margin-bottom:0;padding-top:var(--wp--preset--spacing--50);padding-right:var(--wp--preset--spacing--50);padding-bottom:var(--wp--preset--spacing--50);padding-left:var(--wp--preset--spacing--50)\">\n<div class=\"wp-block-group is-vertical is-content-justification-center is-layout-flex wp-container-core-group-is-layout-8778ca4a wp-block-group-is-layout-flex\" style=\"min-height:360px;margin-top:0;margin-bottom:0\">\n<h2 class=\"wp-block-heading has-text-align-center has-xx-large-font-size\">Sign up to get daily stories<\/h2>\n\n\n\n<p class=\"has-text-align-center is-style-text-subtitle is-style-text-subtitle--17\">Get access to a curated collection of moments in time featuring photographs from historical relevance.<\/p>\n\n\n\n<div style=\"height:0px\" aria-hidden=\"true\" class=\"wp-block-spacer wp-container-content-62aae154\"><\/div>\n\n\n\n<div class=\"wp-block-buttons is-content-justification-center is-layout-flex wp-container-core-buttons-is-layout-a89b3969 wp-block-buttons-is-layout-flex\">\n<div class=\"wp-block-button\"><a class=\"wp-block-button__link has-text-align-center wp-element-button\">Subscribe<\/a><\/div>\n<\/div>\n<\/div>\n<\/aside>\n","protected":false},"excerpt":{"rendered":"<p>En esta pagina estare compartiendo informacion de alto valor para personas que interesar crecer y transformar sus vidas, removiendo heridas del alma. Subscribe on your favorite platform YouTube Apple Podcasts Spotify Pocket Casts RSS Carmen-Bio Bienvenidos a un espacio de transformaci\u00f3n, prop\u00f3sito y claridad.Soy Carmen V\u00e1zquez, Coach Cristiana, Capellana ordenada y consultora especializada en liderazgo [&hellip;]<\/p>\n","protected":false},"author":1,"featured_media":27,"parent":0,"menu_order":0,"comment_status":"closed","ping_status":"closed","template":"","meta":{"footnotes":""},"class_list":["post-8","page","type-page","status-publish","has-post-thumbnail","hentry"],"_links":{"self":[{"href":"https:\/\/33consultingeduca.com\/index.php\/wp-json\/wp\/v2\/pages\/8","targetHints":{"allow":["GET"]}}],"collection":[{"href":"https:\/\/33consultingeduca.com\/index.php\/wp-json\/wp\/v2\/pages"}],"about":[{"href":"https:\/\/33consultingeduca.com\/index.php\/wp-json\/wp\/v2\/types\/page"}],"author":[{"embeddable":true,"href":"https:\/\/33consultingeduca.com\/index.php\/wp-json\/wp\/v2\/users\/1"}],"replies":[{"embeddable":true,"href":"https:\/\/33consultingeduca.com\/index.php\/wp-json\/wp\/v2\/comments?post=8"}],"version-history":[{"count":8,"href":"https:\/\/33consultingeduca.com\/index.php\/wp-json\/wp\/v2\/pages\/8\/revisions"}],"predecessor-version":[{"id":81,"href":"https:\/\/33consultingeduca.com\/index.php\/wp-json\/wp\/v2\/pages\/8\/revisions\/81"}],"wp:featuredmedia":[{"embeddable":true,"href":"https:\/\/33consultingeduca.com\/index.php\/wp-json\/wp\/v2\/media\/27"}],"wp:attachment":[{"href":"https:\/\/33consultingeduca.com\/index.php\/wp-json\/wp\/v2\/media?parent=8"}],"curies":[{"name":"wp","href":"https:\/\/api.w.org\/{rel}","templated":true}]}}